{"id":1636,"date":"2024-01-12T04:31:09","date_gmt":"2024-01-12T04:31:09","guid":{"rendered":"https:\/\/featwheelchairs.com\/product\/sac-de-rangement-pour-roues-de-fauteuil-roulant\/"},"modified":"2026-02-13T17:45:41","modified_gmt":"2026-02-13T16:45:41","slug":"sac-de-rangement-pour-roues-de-fauteuil-roulant","status":"publish","type":"product","link":"https:\/\/featwheelchairs.com\/fr\/produit\/sac-de-rangement-pour-roues-de-fauteuil-roulant\/","title":{"rendered":"Sac de rangement pour roues de fauteuil roulant"},"content":{"rendered":"<p>Notre sac de transport pour roues de fauteuil roulant est fabriqu\u00e9 en polyester 600D robuste et doubl\u00e9. Il s&rsquo;adapte \u00e0 2 roues et a un diam\u00e8tre de 74 cm.<\/p>\n","protected":false},"excerpt":{"rendered":"<p>Ce sac de rangement robuste pour fauteuil roulant, fabriqu\u00e9 en polyester 600D, convient pour 2 roues.<br \/>\nLe sac dispose de deux compartiments de rangement s\u00e9par\u00e9s afin que les roues ne se touchent pas pendant le transport. <\/p>\n","protected":false},"featured_media":2088,"template":"","meta":[],"product_brand":[],"product_cat":[151],"product_tag":[],"class_list":{"0":"post-1636","1":"product","2":"type-product","3":"status-publish","4":"has-post-thumbnail","6":"product_cat-accessoires","7":"product_shipping_class-accessoires","9":"first","10":"onbackorder","11":"taxable","12":"shipping-taxable","13":"purchasable","14":"product-type-simple"},"jetpack_sharing_enabled":true,"_links":{"self":[{"href":"https:\/\/featwheelchairs.com\/fr\/wp-json\/wp\/v2\/product\/1636","targetHints":{"allow":["GET"]}}],"collection":[{"href":"https:\/\/featwheelchairs.com\/fr\/wp-json\/wp\/v2\/product"}],"about":[{"href":"https:\/\/featwheelchairs.com\/fr\/wp-json\/wp\/v2\/types\/product"}],"wp:featuredmedia":[{"embeddable":true,"href":"https:\/\/featwheelchairs.com\/fr\/wp-json\/wp\/v2\/media\/2088"}],"wp:attachment":[{"href":"https:\/\/featwheelchairs.com\/fr\/wp-json\/wp\/v2\/media?parent=1636"}],"wp:term":[{"taxonomy":"product_brand","embeddable":true,"href":"https:\/\/featwheelchairs.com\/fr\/wp-json\/wp\/v2\/product_brand?post=1636"},{"taxonomy":"product_cat","embeddable":true,"href":"https:\/\/featwheelchairs.com\/fr\/wp-json\/wp\/v2\/product_cat?post=1636"},{"taxonomy":"product_tag","embeddable":true,"href":"https:\/\/featwheelchairs.com\/fr\/wp-json\/wp\/v2\/product_tag?post=1636"}],"curies":[{"name":"wp","href":"https:\/\/api.w.org\/{rel}","templated":true}]}}