{"id":1631,"date":"2024-01-12T02:47:09","date_gmt":"2024-01-12T01:47:09","guid":{"rendered":"https:\/\/featwheelchairs.com\/product\/roue-de-fauteuil-roulant-axe-a-degagement-rapide-3\/"},"modified":"2024-09-07T09:15:14","modified_gmt":"2024-09-07T08:15:14","slug":"roue-de-fauteuil-roulant-axe-a-degagement-rapide-3","status":"publish","type":"product","link":"https:\/\/featwheelchairs.com\/fr\/produit\/roue-de-fauteuil-roulant-axe-a-degagement-rapide-3\/","title":{"rendered":"Roue de fauteuil roulant Axe \u00e0 d\u00e9gagement rapide"},"content":{"rendered":"<p>Roue de fauteuil roulant \u00e0 d\u00e9gagement rapide Axe \u00e0 fournir en diam\u00e8tre 12.00 et 12.7mm x 112mm de longueur y compris le capuchon de recouvrement.  &nbsp;<\/p>\n","protected":false},"excerpt":{"rendered":"<p>Roue de fauteuil roulant \u00e0 blocage rapide <strong>Diam\u00e8tre de l&rsquo;axe 12,7 mm x 112 mm.<\/strong> Convient aux fauteuils de handball FEAT-HB-41 et HB-46. Le prix est par pi\u00e8ce.<\/p>\n","protected":false},"featured_media":756,"template":"","meta":[],"product_brand":[],"product_cat":[151],"product_tag":[],"class_list":{"0":"post-1631","1":"product","2":"type-product","3":"status-publish","4":"has-post-thumbnail","6":"product_cat-accessoires","7":"product_shipping_class-accessoires","9":"first","10":"instock","11":"taxable","12":"shipping-taxable","13":"purchasable","14":"product-type-simple"},"jetpack_sharing_enabled":true,"_links":{"self":[{"href":"https:\/\/featwheelchairs.com\/fr\/wp-json\/wp\/v2\/product\/1631","targetHints":{"allow":["GET"]}}],"collection":[{"href":"https:\/\/featwheelchairs.com\/fr\/wp-json\/wp\/v2\/product"}],"about":[{"href":"https:\/\/featwheelchairs.com\/fr\/wp-json\/wp\/v2\/types\/product"}],"wp:featuredmedia":[{"embeddable":true,"href":"https:\/\/featwheelchairs.com\/fr\/wp-json\/wp\/v2\/media\/756"}],"wp:attachment":[{"href":"https:\/\/featwheelchairs.com\/fr\/wp-json\/wp\/v2\/media?parent=1631"}],"wp:term":[{"taxonomy":"product_brand","embeddable":true,"href":"https:\/\/featwheelchairs.com\/fr\/wp-json\/wp\/v2\/product_brand?post=1631"},{"taxonomy":"product_cat","embeddable":true,"href":"https:\/\/featwheelchairs.com\/fr\/wp-json\/wp\/v2\/product_cat?post=1631"},{"taxonomy":"product_tag","embeddable":true,"href":"https:\/\/featwheelchairs.com\/fr\/wp-json\/wp\/v2\/product_tag?post=1631"}],"curies":[{"name":"wp","href":"https:\/\/api.w.org\/{rel}","templated":true}]}}