{"id":1620,"date":"2024-01-12T03:08:21","date_gmt":"2024-01-12T02:08:21","guid":{"rendered":"https:\/\/featwheelchairs.com\/product\/protege-rayon-transparent\/"},"modified":"2026-02-13T17:45:42","modified_gmt":"2026-02-13T16:45:42","slug":"protege-rayon-transparent","status":"publish","type":"product","link":"https:\/\/featwheelchairs.com\/fr\/produit\/protege-rayon-transparent\/","title":{"rendered":"Prot\u00e8ge-rayon transparent"},"content":{"rendered":"<p>Protection transparente des rayons pour \u00e9viter que vos mains ne se glissent entre les rayons. Se fixe facilement en 6 endroits gr\u00e2ce aux attaches fournies. Fabriqu\u00e9 en polycarbonate de 1,5 mm.<\/p>\n","protected":false},"excerpt":{"rendered":"<p>Ecran transparent sp\u00e9cialement con\u00e7u pour notre fauteuil roulant Prix par lot de 2 pi\u00e8ces<\/p>\n","protected":false},"featured_media":764,"template":"","meta":[],"product_brand":[],"product_cat":[151],"product_tag":[],"class_list":{"0":"post-1620","1":"product","2":"type-product","3":"status-publish","4":"has-post-thumbnail","6":"product_cat-accessoires","7":"product_shipping_class-accessoires","9":"first","10":"instock","11":"taxable","12":"shipping-taxable","13":"purchasable","14":"product-type-simple"},"jetpack_sharing_enabled":true,"_links":{"self":[{"href":"https:\/\/featwheelchairs.com\/fr\/wp-json\/wp\/v2\/product\/1620","targetHints":{"allow":["GET"]}}],"collection":[{"href":"https:\/\/featwheelchairs.com\/fr\/wp-json\/wp\/v2\/product"}],"about":[{"href":"https:\/\/featwheelchairs.com\/fr\/wp-json\/wp\/v2\/types\/product"}],"wp:featuredmedia":[{"embeddable":true,"href":"https:\/\/featwheelchairs.com\/fr\/wp-json\/wp\/v2\/media\/764"}],"wp:attachment":[{"href":"https:\/\/featwheelchairs.com\/fr\/wp-json\/wp\/v2\/media?parent=1620"}],"wp:term":[{"taxonomy":"product_brand","embeddable":true,"href":"https:\/\/featwheelchairs.com\/fr\/wp-json\/wp\/v2\/product_brand?post=1620"},{"taxonomy":"product_cat","embeddable":true,"href":"https:\/\/featwheelchairs.com\/fr\/wp-json\/wp\/v2\/product_cat?post=1620"},{"taxonomy":"product_tag","embeddable":true,"href":"https:\/\/featwheelchairs.com\/fr\/wp-json\/wp\/v2\/product_tag?post=1620"}],"curies":[{"name":"wp","href":"https:\/\/api.w.org\/{rel}","templated":true}]}}