{"id":1548,"date":"2024-01-08T04:04:49","date_gmt":"2024-01-08T04:04:49","guid":{"rendered":"https:\/\/featwheelchairs.com\/product\/feat-hb-41-fauteuil-de-handball\/"},"modified":"2026-02-16T10:43:59","modified_gmt":"2026-02-16T09:43:59","slug":"feat-hb-41-fauteuil-de-handball","status":"publish","type":"product","link":"https:\/\/featwheelchairs.com\/fr\/produit\/feat-hb-41-fauteuil-de-handball\/","title":{"rendered":"FEAT-HB-41 fauteuil de handball"},"content":{"rendered":"<ul>\n<li>Cadre en aluminium<\/li>\n<li>Largeur du si\u00e8ge : 41cm<\/li>\n<li>Roues robustes en aluminium de 26 pouces<\/li>\n<li>Hauteur d&rsquo;assise 53 cm \u00e0 partir du sol.<\/li>\n<li>Complet avec tous les accessoires,<\/li>\n<li>Ceinture de hanches<\/li>\n<li>Sangle de s\u00e9curit\u00e9 ajustable pour les jambes<\/li>\n<li>Bracelet de cheville<\/li>\n<li>Protections de roues transparentes<\/li>\n<li>Poids maximum 100kg<\/li>\n<\/ul>\n","protected":false},"excerpt":{"rendered":"<h3>FEAT-HB41<\/h3>\n<h3>Fauteuil roulant de handball 41cm<\/h3>\n<p>  Si vous repr\u00e9sentez un club, nous pouvons vous offrir une r\u00e9duction si vous achetez plus de 4 pi\u00e8ces.<br \/>\nNous pouvons \u00e9galement organiser le transport de marchandises pour vous.<br \/>\nContactez-nous et nous vous fournirons un devis d\u00e9taill\u00e9.  <\/p>\n","protected":false},"featured_media":1866,"template":"","meta":[],"product_brand":[],"product_cat":[175],"product_tag":[],"class_list":{"0":"post-1548","1":"product","2":"type-product","3":"status-publish","4":"has-post-thumbnail","6":"product_cat-fauteuil-roulant-de-handball-fr-2","7":"product_shipping_class-fauteuil-de-handball","9":"first","10":"onbackorder","11":"taxable","12":"shipping-taxable","13":"purchasable","14":"product-type-simple"},"jetpack_sharing_enabled":true,"_links":{"self":[{"href":"https:\/\/featwheelchairs.com\/fr\/wp-json\/wp\/v2\/product\/1548","targetHints":{"allow":["GET"]}}],"collection":[{"href":"https:\/\/featwheelchairs.com\/fr\/wp-json\/wp\/v2\/product"}],"about":[{"href":"https:\/\/featwheelchairs.com\/fr\/wp-json\/wp\/v2\/types\/product"}],"wp:featuredmedia":[{"embeddable":true,"href":"https:\/\/featwheelchairs.com\/fr\/wp-json\/wp\/v2\/media\/1866"}],"wp:attachment":[{"href":"https:\/\/featwheelchairs.com\/fr\/wp-json\/wp\/v2\/media?parent=1548"}],"wp:term":[{"taxonomy":"product_brand","embeddable":true,"href":"https:\/\/featwheelchairs.com\/fr\/wp-json\/wp\/v2\/product_brand?post=1548"},{"taxonomy":"product_cat","embeddable":true,"href":"https:\/\/featwheelchairs.com\/fr\/wp-json\/wp\/v2\/product_cat?post=1548"},{"taxonomy":"product_tag","embeddable":true,"href":"https:\/\/featwheelchairs.com\/fr\/wp-json\/wp\/v2\/product_tag?post=1548"}],"curies":[{"name":"wp","href":"https:\/\/api.w.org\/{rel}","templated":true}]}}