{"id":1375,"date":"2024-01-08T12:35:03","date_gmt":"2024-01-08T12:35:03","guid":{"rendered":"https:\/\/featwheelchairs.com\/product\/sangle-de-securite-reglable\/"},"modified":"2024-08-21T14:00:25","modified_gmt":"2024-08-21T13:00:25","slug":"sangle-de-securite-reglable","status":"publish","type":"product","link":"https:\/\/featwheelchairs.com\/fr\/produit\/sangle-de-securite-reglable\/","title":{"rendered":"Sangle de s\u00e9curit\u00e9 r\u00e9glable"},"content":{"rendered":"<p>Sangle de s\u00e9curit\u00e9 ajustable pour les jambes. Fabriqu\u00e9 en polyester robuste avec des coins renforc\u00e9s, il peut \u00eatre ajust\u00e9 pour fixer solidement la partie sup\u00e9rieure de vos jambes. Longueur 120cm<\/p>\n","protected":false},"excerpt":{"rendered":"<p>Sangle de s\u00e9curit\u00e9 ajustable pour les jambes. Fabriqu\u00e9 en polyester robuste<\/p>\n","protected":false},"featured_media":748,"template":"","meta":[],"product_brand":[],"product_cat":[151],"product_tag":[],"class_list":{"0":"post-1375","1":"product","2":"type-product","3":"status-publish","4":"has-post-thumbnail","6":"product_cat-accessoires","7":"product_shipping_class-accessoires","9":"first","10":"onbackorder","11":"taxable","12":"shipping-taxable","13":"purchasable","14":"product-type-simple"},"jetpack_sharing_enabled":true,"_links":{"self":[{"href":"https:\/\/featwheelchairs.com\/fr\/wp-json\/wp\/v2\/product\/1375","targetHints":{"allow":["GET"]}}],"collection":[{"href":"https:\/\/featwheelchairs.com\/fr\/wp-json\/wp\/v2\/product"}],"about":[{"href":"https:\/\/featwheelchairs.com\/fr\/wp-json\/wp\/v2\/types\/product"}],"wp:featuredmedia":[{"embeddable":true,"href":"https:\/\/featwheelchairs.com\/fr\/wp-json\/wp\/v2\/media\/748"}],"wp:attachment":[{"href":"https:\/\/featwheelchairs.com\/fr\/wp-json\/wp\/v2\/media?parent=1375"}],"wp:term":[{"taxonomy":"product_brand","embeddable":true,"href":"https:\/\/featwheelchairs.com\/fr\/wp-json\/wp\/v2\/product_brand?post=1375"},{"taxonomy":"product_cat","embeddable":true,"href":"https:\/\/featwheelchairs.com\/fr\/wp-json\/wp\/v2\/product_cat?post=1375"},{"taxonomy":"product_tag","embeddable":true,"href":"https:\/\/featwheelchairs.com\/fr\/wp-json\/wp\/v2\/product_tag?post=1375"}],"curies":[{"name":"wp","href":"https:\/\/api.w.org\/{rel}","templated":true}]}}