{"id":1701,"date":"2024-02-07T05:58:14","date_gmt":"2024-02-07T04:58:14","guid":{"rendered":"https:\/\/featwheelchairs.com\/product\/handball-rollstuhl-raeder-26-2\/"},"modified":"2024-09-07T09:12:17","modified_gmt":"2024-09-07T08:12:17","slug":"handball-rollstuhl-raeder-26-2","status":"publish","type":"product","link":"https:\/\/featwheelchairs.com\/de\/produkt\/handball-rollstuhl-raeder-26-2\/","title":{"rendered":"Handball Rollstuhl R\u00e4der 26&#8243;"},"content":{"rendered":"<p>Stabile 26&#8243; Sportr\u00e4der aus Aluminium, Achsdurchmesser 12 mm Inklusive grauer Luftreifen mit Ventil<\/p>\n","protected":false},"excerpt":{"rendered":"<p>Der Preis gilt f\u00fcr einen Satz von 2 St\u00fcck, diese R\u00e4der haben einen <strong>Achsdurchmesser von 12 mm<\/strong>.<\/p>\n","protected":false},"featured_media":841,"template":"","meta":[],"product_brand":[],"product_cat":[149],"product_tag":[],"class_list":{"0":"post-1701","1":"product","2":"type-product","3":"status-publish","4":"has-post-thumbnail","6":"product_cat-zubehor","7":"product_shipping_class-zubehor","9":"first","10":"instock","11":"taxable","12":"shipping-taxable","13":"purchasable","14":"product-type-simple"},"jetpack_sharing_enabled":true,"_links":{"self":[{"href":"https:\/\/featwheelchairs.com\/de\/wp-json\/wp\/v2\/product\/1701","targetHints":{"allow":["GET"]}}],"collection":[{"href":"https:\/\/featwheelchairs.com\/de\/wp-json\/wp\/v2\/product"}],"about":[{"href":"https:\/\/featwheelchairs.com\/de\/wp-json\/wp\/v2\/types\/product"}],"wp:featuredmedia":[{"embeddable":true,"href":"https:\/\/featwheelchairs.com\/de\/wp-json\/wp\/v2\/media\/841"}],"wp:attachment":[{"href":"https:\/\/featwheelchairs.com\/de\/wp-json\/wp\/v2\/media?parent=1701"}],"wp:term":[{"taxonomy":"product_brand","embeddable":true,"href":"https:\/\/featwheelchairs.com\/de\/wp-json\/wp\/v2\/product_brand?post=1701"},{"taxonomy":"product_cat","embeddable":true,"href":"https:\/\/featwheelchairs.com\/de\/wp-json\/wp\/v2\/product_cat?post=1701"},{"taxonomy":"product_tag","embeddable":true,"href":"https:\/\/featwheelchairs.com\/de\/wp-json\/wp\/v2\/product_tag?post=1701"}],"curies":[{"name":"wp","href":"https:\/\/api.w.org\/{rel}","templated":true}]}}