{"id":1679,"date":"2024-01-12T03:33:23","date_gmt":"2024-01-12T02:33:23","guid":{"rendered":"https:\/\/featwheelchairs.com\/product\/verstellbare-fussstuetzenklemme-2\/"},"modified":"2024-08-21T13:59:07","modified_gmt":"2024-08-21T12:59:07","slug":"verstellbare-fussstuetzenklemme-2","status":"publish","type":"product","link":"https:\/\/featwheelchairs.com\/de\/produkt\/verstellbare-fussstuetzenklemme-2\/","title":{"rendered":"Verstellbare Fu\u00dfst\u00fctzenklemme"},"content":{"rendered":"<p>Aluminiumklemme zum Befestigen der Fu\u00dfst\u00fctze und zum Einstellen der H\u00f6he. Jeder Rollstuhl hat vier davon.<\/p>\n","protected":false},"excerpt":{"rendered":"<p>Aluminiumklemme zum Einstellen Ihrer Fu\u00dfst\u00fctze. Preis gilt pro 2er-Set.<\/p>\n","protected":false},"featured_media":777,"template":"","meta":[],"product_brand":[],"product_cat":[149],"product_tag":[],"class_list":{"0":"post-1679","1":"product","2":"type-product","3":"status-publish","4":"has-post-thumbnail","6":"product_cat-zubehor","7":"product_shipping_class-zubehor","9":"first","10":"instock","11":"taxable","12":"shipping-taxable","13":"purchasable","14":"product-type-simple"},"jetpack_sharing_enabled":true,"_links":{"self":[{"href":"https:\/\/featwheelchairs.com\/de\/wp-json\/wp\/v2\/product\/1679","targetHints":{"allow":["GET"]}}],"collection":[{"href":"https:\/\/featwheelchairs.com\/de\/wp-json\/wp\/v2\/product"}],"about":[{"href":"https:\/\/featwheelchairs.com\/de\/wp-json\/wp\/v2\/types\/product"}],"wp:featuredmedia":[{"embeddable":true,"href":"https:\/\/featwheelchairs.com\/de\/wp-json\/wp\/v2\/media\/777"}],"wp:attachment":[{"href":"https:\/\/featwheelchairs.com\/de\/wp-json\/wp\/v2\/media?parent=1679"}],"wp:term":[{"taxonomy":"product_brand","embeddable":true,"href":"https:\/\/featwheelchairs.com\/de\/wp-json\/wp\/v2\/product_brand?post=1679"},{"taxonomy":"product_cat","embeddable":true,"href":"https:\/\/featwheelchairs.com\/de\/wp-json\/wp\/v2\/product_cat?post=1679"},{"taxonomy":"product_tag","embeddable":true,"href":"https:\/\/featwheelchairs.com\/de\/wp-json\/wp\/v2\/product_tag?post=1679"}],"curies":[{"name":"wp","href":"https:\/\/api.w.org\/{rel}","templated":true}]}}