{"id":1646,"date":"2024-01-12T03:08:21","date_gmt":"2024-01-12T02:08:21","guid":{"rendered":"https:\/\/featwheelchairs.com\/product\/speichenschutz-transparent-2\/"},"modified":"2024-08-21T14:01:13","modified_gmt":"2024-08-21T13:01:13","slug":"speichenschutz-transparent-2","status":"publish","type":"product","link":"https:\/\/featwheelchairs.com\/de\/produkt\/speichenschutz-transparent-2\/","title":{"rendered":"Speichenschutz transparent"},"content":{"rendered":"<p>Transparenter Speichenschutz, damit Ihre H\u00e4nde nicht zwischen die Speichen geraten k\u00f6nnen. Mit den mitgelieferten Kabelbindern an 6 Stellen leicht zu befestigen. Hergestellt aus 1,5 mm starkem Polykarbonat.<\/p>\n","protected":false},"excerpt":{"rendered":"<p>Transparentes Speichenschild speziell f\u00fcr unseren Rollstuhl Preis gilt f\u00fcr einen Satz von 2 St\u00fcck<\/p>\n","protected":false},"featured_media":765,"template":"","meta":[],"product_brand":[],"product_cat":[149],"product_tag":[],"class_list":{"0":"post-1646","1":"product","2":"type-product","3":"status-publish","4":"has-post-thumbnail","6":"product_cat-zubehor","7":"product_shipping_class-zubehor","9":"first","10":"instock","11":"taxable","12":"shipping-taxable","13":"purchasable","14":"product-type-simple"},"jetpack_sharing_enabled":true,"_links":{"self":[{"href":"https:\/\/featwheelchairs.com\/de\/wp-json\/wp\/v2\/product\/1646","targetHints":{"allow":["GET"]}}],"collection":[{"href":"https:\/\/featwheelchairs.com\/de\/wp-json\/wp\/v2\/product"}],"about":[{"href":"https:\/\/featwheelchairs.com\/de\/wp-json\/wp\/v2\/types\/product"}],"wp:featuredmedia":[{"embeddable":true,"href":"https:\/\/featwheelchairs.com\/de\/wp-json\/wp\/v2\/media\/765"}],"wp:attachment":[{"href":"https:\/\/featwheelchairs.com\/de\/wp-json\/wp\/v2\/media?parent=1646"}],"wp:term":[{"taxonomy":"product_brand","embeddable":true,"href":"https:\/\/featwheelchairs.com\/de\/wp-json\/wp\/v2\/product_brand?post=1646"},{"taxonomy":"product_cat","embeddable":true,"href":"https:\/\/featwheelchairs.com\/de\/wp-json\/wp\/v2\/product_cat?post=1646"},{"taxonomy":"product_tag","embeddable":true,"href":"https:\/\/featwheelchairs.com\/de\/wp-json\/wp\/v2\/product_tag?post=1646"}],"curies":[{"name":"wp","href":"https:\/\/api.w.org\/{rel}","templated":true}]}}