{"id":1637,"date":"2024-01-12T03:16:05","date_gmt":"2024-01-12T03:16:05","guid":{"rendered":"https:\/\/featwheelchairs.com\/product\/knoechel-fixierungsband\/"},"modified":"2024-08-21T11:19:44","modified_gmt":"2024-08-21T10:19:44","slug":"knoechel-fixierungsband","status":"publish","type":"product","link":"https:\/\/featwheelchairs.com\/de\/produkt\/knoechel-fixierungsband\/","title":{"rendered":"Kn\u00f6chel-Fixierungsband"},"content":{"rendered":"<p>Kn\u00f6chel-Fixierungsriemen, um Ihre Unterschenkel an Ort und Stelle zu halten. aus robustem und gef\u00fcttertem Polyester.<\/p>\n","protected":false},"excerpt":{"rendered":"<p>Kn\u00f6chel-Fixierband, um Ihre Unterschenkel in Position zu halten, ab Ende August wieder erh\u00e4ltlich.<\/p>\n","protected":false},"featured_media":781,"template":"","meta":[],"product_brand":[],"product_cat":[149],"product_tag":[],"class_list":{"0":"post-1637","1":"product","2":"type-product","3":"status-publish","4":"has-post-thumbnail","6":"product_cat-zubehor","7":"product_shipping_class-zubehor","9":"first","10":"instock","11":"taxable","12":"shipping-taxable","13":"purchasable","14":"product-type-simple"},"jetpack_sharing_enabled":true,"_links":{"self":[{"href":"https:\/\/featwheelchairs.com\/de\/wp-json\/wp\/v2\/product\/1637","targetHints":{"allow":["GET"]}}],"collection":[{"href":"https:\/\/featwheelchairs.com\/de\/wp-json\/wp\/v2\/product"}],"about":[{"href":"https:\/\/featwheelchairs.com\/de\/wp-json\/wp\/v2\/types\/product"}],"wp:featuredmedia":[{"embeddable":true,"href":"https:\/\/featwheelchairs.com\/de\/wp-json\/wp\/v2\/media\/781"}],"wp:attachment":[{"href":"https:\/\/featwheelchairs.com\/de\/wp-json\/wp\/v2\/media?parent=1637"}],"wp:term":[{"taxonomy":"product_brand","embeddable":true,"href":"https:\/\/featwheelchairs.com\/de\/wp-json\/wp\/v2\/product_brand?post=1637"},{"taxonomy":"product_cat","embeddable":true,"href":"https:\/\/featwheelchairs.com\/de\/wp-json\/wp\/v2\/product_cat?post=1637"},{"taxonomy":"product_tag","embeddable":true,"href":"https:\/\/featwheelchairs.com\/de\/wp-json\/wp\/v2\/product_tag?post=1637"}],"curies":[{"name":"wp","href":"https:\/\/api.w.org\/{rel}","templated":true}]}}