{"id":1623,"date":"2024-01-12T04:31:09","date_gmt":"2024-01-12T04:31:09","guid":{"rendered":"https:\/\/featwheelchairs.com\/product\/aufbewahrungstasche-fuer-rollstuhlraeder-3\/"},"modified":"2025-12-17T11:53:24","modified_gmt":"2025-12-17T10:53:24","slug":"aufbewahrungstasche-fuer-rollstuhlraeder-3","status":"publish","type":"product","link":"https:\/\/featwheelchairs.com\/de\/produkt\/aufbewahrungstasche-fuer-rollstuhlraeder-3\/","title":{"rendered":"Aufbewahrungstasche f\u00fcr Rollstuhlr\u00e4der"},"content":{"rendered":"<p>Unsere Rollstuhltransporttasche ist aus robustem und gef\u00fcttertem 600D Polyester gefertigt. Er passt auf 2 R\u00e4der und hat einen Durchmesser von 74 cm.<\/p>\n","protected":false},"excerpt":{"rendered":"<p>Diese robuste Rollstuhlaufbewahrungstasche aus 600D Polyester ist f\u00fcr 2 R\u00e4der geeignet.<br \/>\nDie Tasche hat 2 separate Aufbewahrungsf\u00e4cher, damit die R\u00e4der beim Transport nicht aneinander sto\u00dfen. <\/p>\n","protected":false},"featured_media":2089,"template":"","meta":[],"product_brand":[],"product_cat":[149],"product_tag":[],"class_list":{"0":"post-1623","1":"product","2":"type-product","3":"status-publish","4":"has-post-thumbnail","6":"product_cat-zubehor","7":"product_shipping_class-zubehor","9":"first","10":"onbackorder","11":"taxable","12":"shipping-taxable","13":"purchasable","14":"product-type-simple"},"jetpack_sharing_enabled":true,"_links":{"self":[{"href":"https:\/\/featwheelchairs.com\/de\/wp-json\/wp\/v2\/product\/1623","targetHints":{"allow":["GET"]}}],"collection":[{"href":"https:\/\/featwheelchairs.com\/de\/wp-json\/wp\/v2\/product"}],"about":[{"href":"https:\/\/featwheelchairs.com\/de\/wp-json\/wp\/v2\/types\/product"}],"wp:featuredmedia":[{"embeddable":true,"href":"https:\/\/featwheelchairs.com\/de\/wp-json\/wp\/v2\/media\/2089"}],"wp:attachment":[{"href":"https:\/\/featwheelchairs.com\/de\/wp-json\/wp\/v2\/media?parent=1623"}],"wp:term":[{"taxonomy":"product_brand","embeddable":true,"href":"https:\/\/featwheelchairs.com\/de\/wp-json\/wp\/v2\/product_brand?post=1623"},{"taxonomy":"product_cat","embeddable":true,"href":"https:\/\/featwheelchairs.com\/de\/wp-json\/wp\/v2\/product_cat?post=1623"},{"taxonomy":"product_tag","embeddable":true,"href":"https:\/\/featwheelchairs.com\/de\/wp-json\/wp\/v2\/product_tag?post=1623"}],"curies":[{"name":"wp","href":"https:\/\/api.w.org\/{rel}","templated":true}]}}