{"id":1612,"date":"2024-01-12T02:47:09","date_gmt":"2024-01-12T01:47:09","guid":{"rendered":"https:\/\/featwheelchairs.com\/product\/rollstuhlrad-schnellspannachse-3\/"},"modified":"2024-09-07T09:15:13","modified_gmt":"2024-09-07T08:15:13","slug":"rollstuhlrad-schnellspannachse-3","status":"publish","type":"product","link":"https:\/\/featwheelchairs.com\/de\/produkt\/rollstuhlrad-schnellspannachse-3\/","title":{"rendered":"Rollstuhlrad Schnellspannachse"},"content":{"rendered":"<p>Rollstuhlrad mit Schnellspanner Achse mit Durchmesser 12,00 und 12,7 mm x 112 mm L\u00e4nge einschlie\u00dflich Abdeckkappe lieferbar.  &nbsp;<\/p>\n","protected":false},"excerpt":{"rendered":"<p>Rollstuhlrad mit Schnellspanner <strong>Achsdurchmesser 12,7 mm x 112 mm<\/strong>. Geeignet f\u00fcr die Handball-Rollst\u00fchle FEAT-HB-41 und HB-46. Der Preis gilt pro St\u00fcck.<\/p>\n","protected":false},"featured_media":757,"template":"","meta":[],"product_brand":[],"product_cat":[149],"product_tag":[],"class_list":{"0":"post-1612","1":"product","2":"type-product","3":"status-publish","4":"has-post-thumbnail","6":"product_cat-zubehor","7":"product_shipping_class-zubehor","9":"first","10":"instock","11":"taxable","12":"shipping-taxable","13":"purchasable","14":"product-type-simple"},"jetpack_sharing_enabled":true,"_links":{"self":[{"href":"https:\/\/featwheelchairs.com\/de\/wp-json\/wp\/v2\/product\/1612","targetHints":{"allow":["GET"]}}],"collection":[{"href":"https:\/\/featwheelchairs.com\/de\/wp-json\/wp\/v2\/product"}],"about":[{"href":"https:\/\/featwheelchairs.com\/de\/wp-json\/wp\/v2\/types\/product"}],"wp:featuredmedia":[{"embeddable":true,"href":"https:\/\/featwheelchairs.com\/de\/wp-json\/wp\/v2\/media\/757"}],"wp:attachment":[{"href":"https:\/\/featwheelchairs.com\/de\/wp-json\/wp\/v2\/media?parent=1612"}],"wp:term":[{"taxonomy":"product_brand","embeddable":true,"href":"https:\/\/featwheelchairs.com\/de\/wp-json\/wp\/v2\/product_brand?post=1612"},{"taxonomy":"product_cat","embeddable":true,"href":"https:\/\/featwheelchairs.com\/de\/wp-json\/wp\/v2\/product_cat?post=1612"},{"taxonomy":"product_tag","embeddable":true,"href":"https:\/\/featwheelchairs.com\/de\/wp-json\/wp\/v2\/product_tag?post=1612"}],"curies":[{"name":"wp","href":"https:\/\/api.w.org\/{rel}","templated":true}]}}