{"id":1669,"date":"2024-01-12T03:33:23","date_gmt":"2024-01-12T02:33:23","guid":{"rendered":"https:\/\/featwheelchairs.com\/product\/justerbar-fodstoetteklemme-3\/"},"modified":"2024-08-21T13:59:05","modified_gmt":"2024-08-21T12:59:05","slug":"justerbar-fodstoetteklemme-3","status":"publish","type":"product","link":"https:\/\/featwheelchairs.com\/da\/vare\/justerbar-fodstoetteklemme-3\/","title":{"rendered":"Justerbar fodst\u00f8tteklemme"},"content":{"rendered":"<p>Aluminiumsklemme til at fastg\u00f8re din fodst\u00f8tte og justere dens h\u00f8jde. Hver k\u00f8restol har fire af dem.<\/p>\n","protected":false},"excerpt":{"rendered":"<p>Aluminiumsklemme til at justere din fodst\u00f8tte. Prisen er pr. s\u00e6t med 2 stk.<\/p>\n","protected":false},"featured_media":774,"template":"","meta":[],"product_brand":[],"product_cat":[148],"product_tag":[],"class_list":{"0":"post-1669","1":"product","2":"type-product","3":"status-publish","4":"has-post-thumbnail","6":"product_cat-tilbehor","7":"product_shipping_class-tilbehor","9":"first","10":"instock","11":"taxable","12":"shipping-taxable","13":"purchasable","14":"product-type-simple"},"jetpack_sharing_enabled":true,"_links":{"self":[{"href":"https:\/\/featwheelchairs.com\/da\/wp-json\/wp\/v2\/product\/1669","targetHints":{"allow":["GET"]}}],"collection":[{"href":"https:\/\/featwheelchairs.com\/da\/wp-json\/wp\/v2\/product"}],"about":[{"href":"https:\/\/featwheelchairs.com\/da\/wp-json\/wp\/v2\/types\/product"}],"wp:featuredmedia":[{"embeddable":true,"href":"https:\/\/featwheelchairs.com\/da\/wp-json\/wp\/v2\/media\/774"}],"wp:attachment":[{"href":"https:\/\/featwheelchairs.com\/da\/wp-json\/wp\/v2\/media?parent=1669"}],"wp:term":[{"taxonomy":"product_brand","embeddable":true,"href":"https:\/\/featwheelchairs.com\/da\/wp-json\/wp\/v2\/product_brand?post=1669"},{"taxonomy":"product_cat","embeddable":true,"href":"https:\/\/featwheelchairs.com\/da\/wp-json\/wp\/v2\/product_cat?post=1669"},{"taxonomy":"product_tag","embeddable":true,"href":"https:\/\/featwheelchairs.com\/da\/wp-json\/wp\/v2\/product_tag?post=1669"}],"curies":[{"name":"wp","href":"https:\/\/api.w.org\/{rel}","templated":true}]}}