{"id":1638,"date":"2024-01-12T03:08:21","date_gmt":"2024-01-12T02:08:21","guid":{"rendered":"https:\/\/featwheelchairs.com\/product\/egerbeskyttelse-gennemsigtig\/"},"modified":"2024-08-21T14:01:12","modified_gmt":"2024-08-21T13:01:12","slug":"egerbeskyttelse-gennemsigtig","status":"publish","type":"product","link":"https:\/\/featwheelchairs.com\/da\/vare\/egerbeskyttelse-gennemsigtig\/","title":{"rendered":"Egerbeskyttelse gennemsigtig"},"content":{"rendered":"<p>Gennemsigtig egerbeskyttelse, der sikrer, at dine h\u00e6nder ikke kan komme ind mellem egerne. Fastg\u00f8res nemt 6 steder med de medf\u00f8lgende bindeb\u00e5nd. Fremstillet af 1,5 mm polykarbonat.<\/p>\n","protected":false},"excerpt":{"rendered":"<p>Gennemsigtig rygskjold specielt til vores k\u00f8restole Prisen er pr. s\u00e6t med 2 stk.<\/p>\n","protected":false},"featured_media":762,"template":"","meta":[],"product_brand":[],"product_cat":[148],"product_tag":[],"class_list":{"0":"post-1638","1":"product","2":"type-product","3":"status-publish","4":"has-post-thumbnail","6":"product_cat-tilbehor","7":"product_shipping_class-tilbehor","9":"first","10":"instock","11":"taxable","12":"shipping-taxable","13":"purchasable","14":"product-type-simple"},"jetpack_sharing_enabled":true,"_links":{"self":[{"href":"https:\/\/featwheelchairs.com\/da\/wp-json\/wp\/v2\/product\/1638","targetHints":{"allow":["GET"]}}],"collection":[{"href":"https:\/\/featwheelchairs.com\/da\/wp-json\/wp\/v2\/product"}],"about":[{"href":"https:\/\/featwheelchairs.com\/da\/wp-json\/wp\/v2\/types\/product"}],"wp:featuredmedia":[{"embeddable":true,"href":"https:\/\/featwheelchairs.com\/da\/wp-json\/wp\/v2\/media\/762"}],"wp:attachment":[{"href":"https:\/\/featwheelchairs.com\/da\/wp-json\/wp\/v2\/media?parent=1638"}],"wp:term":[{"taxonomy":"product_brand","embeddable":true,"href":"https:\/\/featwheelchairs.com\/da\/wp-json\/wp\/v2\/product_brand?post=1638"},{"taxonomy":"product_cat","embeddable":true,"href":"https:\/\/featwheelchairs.com\/da\/wp-json\/wp\/v2\/product_cat?post=1638"},{"taxonomy":"product_tag","embeddable":true,"href":"https:\/\/featwheelchairs.com\/da\/wp-json\/wp\/v2\/product_tag?post=1638"}],"curies":[{"name":"wp","href":"https:\/\/api.w.org\/{rel}","templated":true}]}}