{"id":1630,"date":"2024-01-12T03:16:05","date_gmt":"2024-01-12T03:16:05","guid":{"rendered":"https:\/\/featwheelchairs.com\/product\/ankelfikseringsbaand\/"},"modified":"2024-08-21T11:19:43","modified_gmt":"2024-08-21T10:19:43","slug":"ankelfikseringsbaand","status":"publish","type":"product","link":"https:\/\/featwheelchairs.com\/da\/vare\/ankelfikseringsbaand\/","title":{"rendered":"Ankelfikseringsb\u00e5nd"},"content":{"rendered":"<p>Ankelstrop til at holde underbenene p\u00e5 plads. Fremstillet af robust og foret polyester.<\/p>\n","protected":false},"excerpt":{"rendered":"<p>Ankelfikseringsb\u00e5nd, som holder dine underben p\u00e5 plads, f\u00e5s igen i slutningen af august.<\/p>\n","protected":false},"featured_media":778,"template":"","meta":[],"product_brand":[],"product_cat":[148],"product_tag":[],"class_list":{"0":"post-1630","1":"product","2":"type-product","3":"status-publish","4":"has-post-thumbnail","6":"product_cat-tilbehor","7":"product_shipping_class-tilbehor","9":"first","10":"instock","11":"taxable","12":"shipping-taxable","13":"purchasable","14":"product-type-simple"},"jetpack_sharing_enabled":true,"_links":{"self":[{"href":"https:\/\/featwheelchairs.com\/da\/wp-json\/wp\/v2\/product\/1630","targetHints":{"allow":["GET"]}}],"collection":[{"href":"https:\/\/featwheelchairs.com\/da\/wp-json\/wp\/v2\/product"}],"about":[{"href":"https:\/\/featwheelchairs.com\/da\/wp-json\/wp\/v2\/types\/product"}],"wp:featuredmedia":[{"embeddable":true,"href":"https:\/\/featwheelchairs.com\/da\/wp-json\/wp\/v2\/media\/778"}],"wp:attachment":[{"href":"https:\/\/featwheelchairs.com\/da\/wp-json\/wp\/v2\/media?parent=1630"}],"wp:term":[{"taxonomy":"product_brand","embeddable":true,"href":"https:\/\/featwheelchairs.com\/da\/wp-json\/wp\/v2\/product_brand?post=1630"},{"taxonomy":"product_cat","embeddable":true,"href":"https:\/\/featwheelchairs.com\/da\/wp-json\/wp\/v2\/product_cat?post=1630"},{"taxonomy":"product_tag","embeddable":true,"href":"https:\/\/featwheelchairs.com\/da\/wp-json\/wp\/v2\/product_tag?post=1630"}],"curies":[{"name":"wp","href":"https:\/\/api.w.org\/{rel}","templated":true}]}}