{"id":1613,"date":"2024-01-12T04:31:09","date_gmt":"2024-01-12T04:31:09","guid":{"rendered":"https:\/\/featwheelchairs.com\/product\/opbevaringstaske-til-koerestolshjul-2\/"},"modified":"2024-09-07T09:09:03","modified_gmt":"2024-09-07T08:09:03","slug":"opbevaringstaske-til-koerestolshjul-2","status":"publish","type":"product","link":"https:\/\/featwheelchairs.com\/da\/vare\/opbevaringstaske-til-koerestolshjul-2\/","title":{"rendered":"Opbevaringstaske til k\u00f8restolshjul"},"content":{"rendered":"<p>Vores b\u00e6retaske til k\u00f8restolshjul er lavet af 600D robust og foret polyester. Den passer til 2 hjul og har en diameter p\u00e5 74 cm.<\/p>\n","protected":false},"excerpt":{"rendered":"<p>Denne robuste opbevaringstaske til k\u00f8restolshjul er lavet af 600D polyester og passer til 2 hjul.<br \/>\nTasken har 2 separate opbevaringsrum, s\u00e5 hjulene ikke r\u00f8rer hinanden under transport. <\/p>\n","protected":false},"featured_media":2086,"template":"","meta":[],"product_brand":[],"product_cat":[148],"product_tag":[],"class_list":{"0":"post-1613","1":"product","2":"type-product","3":"status-publish","4":"has-post-thumbnail","6":"product_cat-tilbehor","7":"product_shipping_class-tilbehor","9":"first","10":"onbackorder","11":"taxable","12":"shipping-taxable","13":"purchasable","14":"product-type-simple"},"jetpack_sharing_enabled":true,"_links":{"self":[{"href":"https:\/\/featwheelchairs.com\/da\/wp-json\/wp\/v2\/product\/1613","targetHints":{"allow":["GET"]}}],"collection":[{"href":"https:\/\/featwheelchairs.com\/da\/wp-json\/wp\/v2\/product"}],"about":[{"href":"https:\/\/featwheelchairs.com\/da\/wp-json\/wp\/v2\/types\/product"}],"wp:featuredmedia":[{"embeddable":true,"href":"https:\/\/featwheelchairs.com\/da\/wp-json\/wp\/v2\/media\/2086"}],"wp:attachment":[{"href":"https:\/\/featwheelchairs.com\/da\/wp-json\/wp\/v2\/media?parent=1613"}],"wp:term":[{"taxonomy":"product_brand","embeddable":true,"href":"https:\/\/featwheelchairs.com\/da\/wp-json\/wp\/v2\/product_brand?post=1613"},{"taxonomy":"product_cat","embeddable":true,"href":"https:\/\/featwheelchairs.com\/da\/wp-json\/wp\/v2\/product_cat?post=1613"},{"taxonomy":"product_tag","embeddable":true,"href":"https:\/\/featwheelchairs.com\/da\/wp-json\/wp\/v2\/product_tag?post=1613"}],"curies":[{"name":"wp","href":"https:\/\/api.w.org\/{rel}","templated":true}]}}