{"id":1392,"date":"2024-01-12T02:47:09","date_gmt":"2024-01-12T01:47:09","guid":{"rendered":"https:\/\/featwheelchairs.com\/product\/koerestolshjul-quick-release-aksel\/"},"modified":"2024-09-07T09:15:15","modified_gmt":"2024-09-07T08:15:15","slug":"koerestolshjul-quick-release-aksel","status":"publish","type":"product","link":"https:\/\/featwheelchairs.com\/da\/vare\/koerestolshjul-quick-release-aksel\/","title":{"rendered":"K\u00f8restolshjul Quick release-aksel"},"content":{"rendered":"<p>K\u00f8restolshjul med hurtigudl\u00f8ser Aksel leveres i diameter 12,00 og 12,7 mm x 112 mm l\u00e6ngde inklusive d\u00e6kkappe.  &nbsp;<\/p>\n","protected":false},"excerpt":{"rendered":"<p>Hurtigudl\u00f8sende k\u00f8restolshjul <strong>Akseldiameter 12,7 mm x 112 mm.<\/strong> Passer til h\u00e5ndboldk\u00f8restolene FEAT-HB-41 og HB-46. Prisen er pr. stk.<\/p>\n","protected":false},"featured_media":754,"template":"","meta":[],"product_brand":[],"product_cat":[148],"product_tag":[],"class_list":{"0":"post-1392","1":"product","2":"type-product","3":"status-publish","4":"has-post-thumbnail","6":"product_cat-tilbehor","7":"product_shipping_class-tilbehor","9":"first","10":"instock","11":"taxable","12":"shipping-taxable","13":"purchasable","14":"product-type-simple"},"jetpack_sharing_enabled":true,"_links":{"self":[{"href":"https:\/\/featwheelchairs.com\/da\/wp-json\/wp\/v2\/product\/1392","targetHints":{"allow":["GET"]}}],"collection":[{"href":"https:\/\/featwheelchairs.com\/da\/wp-json\/wp\/v2\/product"}],"about":[{"href":"https:\/\/featwheelchairs.com\/da\/wp-json\/wp\/v2\/types\/product"}],"wp:featuredmedia":[{"embeddable":true,"href":"https:\/\/featwheelchairs.com\/da\/wp-json\/wp\/v2\/media\/754"}],"wp:attachment":[{"href":"https:\/\/featwheelchairs.com\/da\/wp-json\/wp\/v2\/media?parent=1392"}],"wp:term":[{"taxonomy":"product_brand","embeddable":true,"href":"https:\/\/featwheelchairs.com\/da\/wp-json\/wp\/v2\/product_brand?post=1392"},{"taxonomy":"product_cat","embeddable":true,"href":"https:\/\/featwheelchairs.com\/da\/wp-json\/wp\/v2\/product_cat?post=1392"},{"taxonomy":"product_tag","embeddable":true,"href":"https:\/\/featwheelchairs.com\/da\/wp-json\/wp\/v2\/product_tag?post=1392"}],"curies":[{"name":"wp","href":"https:\/\/api.w.org\/{rel}","templated":true}]}}