{"id":1331,"date":"2024-01-08T12:35:03","date_gmt":"2024-01-08T12:35:03","guid":{"rendered":"https:\/\/featwheelchairs.com\/product\/justerbar-sikkerhedsrem\/"},"modified":"2024-08-21T14:00:23","modified_gmt":"2024-08-21T13:00:23","slug":"justerbar-sikkerhedsrem","status":"publish","type":"product","link":"https:\/\/featwheelchairs.com\/da\/vare\/justerbar-sikkerhedsrem\/","title":{"rendered":"Justerbar sikkerhedsrem"},"content":{"rendered":"<p>Justerbar sikkerhedsstrop til benene. Fremstillet af robust polyestermateriale med ekstra forst\u00e6rkede hj\u00f8rner, kan justeres, s\u00e5 dine overben sidder sikkert fast. L\u00e6ngde 120 cm<\/p>\n","protected":false},"excerpt":{"rendered":"<p>Justerbar sikkerhedsstrop til benene. Fremstillet af robust polyestermateriale<\/p>\n","protected":false},"featured_media":746,"template":"","meta":[],"product_brand":[],"product_cat":[148],"product_tag":[],"class_list":{"0":"post-1331","1":"product","2":"type-product","3":"status-publish","4":"has-post-thumbnail","6":"product_cat-tilbehor","7":"product_shipping_class-tilbehor","9":"first","10":"onbackorder","11":"taxable","12":"shipping-taxable","13":"purchasable","14":"product-type-simple"},"jetpack_sharing_enabled":true,"_links":{"self":[{"href":"https:\/\/featwheelchairs.com\/da\/wp-json\/wp\/v2\/product\/1331","targetHints":{"allow":["GET"]}}],"collection":[{"href":"https:\/\/featwheelchairs.com\/da\/wp-json\/wp\/v2\/product"}],"about":[{"href":"https:\/\/featwheelchairs.com\/da\/wp-json\/wp\/v2\/types\/product"}],"wp:featuredmedia":[{"embeddable":true,"href":"https:\/\/featwheelchairs.com\/da\/wp-json\/wp\/v2\/media\/746"}],"wp:attachment":[{"href":"https:\/\/featwheelchairs.com\/da\/wp-json\/wp\/v2\/media?parent=1331"}],"wp:term":[{"taxonomy":"product_brand","embeddable":true,"href":"https:\/\/featwheelchairs.com\/da\/wp-json\/wp\/v2\/product_brand?post=1331"},{"taxonomy":"product_cat","embeddable":true,"href":"https:\/\/featwheelchairs.com\/da\/wp-json\/wp\/v2\/product_cat?post=1331"},{"taxonomy":"product_tag","embeddable":true,"href":"https:\/\/featwheelchairs.com\/da\/wp-json\/wp\/v2\/product_tag?post=1331"}],"curies":[{"name":"wp","href":"https:\/\/api.w.org\/{rel}","templated":true}]}}