{"id":545,"date":"2024-01-08T03:51:13","date_gmt":"2024-01-08T02:51:13","guid":{"rendered":"https:\/\/featwheelchairs.com\/cart\/"},"modified":"2024-05-14T10:14:26","modified_gmt":"2024-05-14T09:14:26","slug":"cart","status":"publish","type":"page","link":"https:\/\/featwheelchairs.com\/da\/cart\/","title":{"rendered":"Indk\u00f8bskurv"},"content":{"rendered":"\n<div data-block-name=\"woocommerce\/cart\" class=\"wp-block-woocommerce-cart alignwide is-loading\">\n<div data-block-name=\"woocommerce\/filled-cart-block\" class=\"wp-block-woocommerce-filled-cart-block\">\n<div data-block-name=\"woocommerce\/cart-items-block\" class=\"wp-block-woocommerce-cart-items-block\">\n<div data-block-name=\"woocommerce\/cart-line-items-block\" class=\"wp-block-woocommerce-cart-line-items-block\"><\/div>\n\n\n\n<div data-block-name=\"woocommerce\/cart-cross-sells-block\" class=\"wp-block-woocommerce-cart-cross-sells-block\">\n<h2 class=\"wp-block-heading has-large-font-size\">Du er m\u00e5ske interesseret i&#8230;<\/h2>\n\n\n\n<div data-block-name=\"woocommerce\/cart-cross-sells-products-block\" class=\"wp-block-woocommerce-cart-cross-sells-products-block\"><\/div>\n<\/div>\n<\/div>\n\n\n\n<div data-block-name=\"woocommerce\/cart-totals-block\" class=\"wp-block-woocommerce-cart-totals-block\">\n<div data-block-name=\"woocommerce\/cart-order-summary-block\" class=\"wp-block-woocommerce-cart-order-summary-block\">\n<div data-block-name=\"woocommerce\/cart-order-summary-heading-block\" class=\"wp-block-woocommerce-cart-order-summary-heading-block\"><\/div><div data-block-name=\"woocommerce\/cart-order-summary-coupon-form-block\" class=\"wp-block-woocommerce-cart-order-summary-coupon-form-block\"><\/div><div data-block-name=\"woocommerce\/cart-order-summary-totals-block\" class=\"wp-block-woocommerce-cart-order-summary-totals-block\">\n<div data-block-name=\"woocommerce\/cart-order-summary-subtotal-block\" class=\"wp-block-woocommerce-cart-order-summary-subtotal-block\"><\/div>\n<div data-block-name=\"woocommerce\/cart-order-summary-discount-block\" class=\"wp-block-woocommerce-cart-order-summary-discount-block\"><\/div>\n<div data-block-name=\"woocommerce\/cart-order-summary-fee-block\" class=\"wp-block-woocommerce-cart-order-summary-fee-block\"><\/div>\n<div data-block-name=\"woocommerce\/cart-order-summary-shipping-block\" class=\"wp-block-woocommerce-cart-order-summary-shipping-block\"><\/div>\n<div data-block-name=\"woocommerce\/cart-order-summary-taxes-block\" class=\"wp-block-woocommerce-cart-order-summary-taxes-block\"><\/div><\/div>\n<\/div>\n\n\n\n<div data-block-name=\"woocommerce\/cart-express-payment-block\" class=\"wp-block-woocommerce-cart-express-payment-block\"><\/div>\n\n\n\n<div data-block-name=\"woocommerce\/proceed-to-checkout-block\" class=\"wp-block-woocommerce-proceed-to-checkout-block\"><\/div>\n\n\n\n<div data-block-name=\"woocommerce\/cart-accepted-payment-methods-block\" class=\"wp-block-woocommerce-cart-accepted-payment-methods-block\"><\/div>\n<\/div>\n<\/div>\n\n\n\n<div data-block-name=\"woocommerce\/empty-cart-block\" class=\"wp-block-woocommerce-empty-cart-block\">\n<h2 class=\"wp-block-heading has-text-align-center with-empty-cart-icon wc-block-cart__empty-cart__title\">Din indk\u00f8bskurv er i \u00f8jeblikket tom!<\/h2>\n\n\n\n<hr class=\"wp-block-separator has-alpha-channel-opacity is-style-dots\"\/>\n\n\n\n<h2 class=\"wp-block-heading has-text-align-center\">Nyt i butikken<\/h2>\n\n\n<div data-block-name=\"woocommerce\/product-new\" data-columns=\"4\" data-rows=\"1\" class=\"wc-block-grid wp-block-product-new wp-block-woocommerce-product-new wc-block-product-new has-4-columns\"><ul class=\"wc-block-grid__products\"><li class=\"wc-block-grid__product\">\n\t\t\t\t<a href=\"https:\/\/featwheelchairs.com\/da\/vare\/haandboldkoerestolshjul-26-2\/\" class=\"wc-block-grid__product-link\">\n\t\t\t\t\t\n\t\t\t\t\t<div class=\"wc-block-grid__product-image\"><img loading=\"lazy\" decoding=\"async\" width=\"264\" height=\"300\" src=\"https:\/\/featwheelchairs.com\/wp-content\/uploads\/2024\/02\/26-wheels_c-264x300.jpg\" class=\"attachment-woocommerce_thumbnail size-woocommerce_thumbnail\" alt=\"H\u00e5ndboldk\u00f8restolshjul 26&quot;\" \/><\/div>\n\t\t\t\t\t<div class=\"wc-block-grid__product-title\">H\u00e5ndboldk\u00f8restolshjul 26&#8243;<\/div>\n\t\t\t\t<\/a>\n\t\t\t\t<div class=\"wc-block-grid__product-price price\"><span class=\"woocommerce-Price-amount amount\"><span class=\"woocommerce-Price-currencySymbol\">&euro;<\/span>&nbsp;130,00<\/span> <small class=\"woocommerce-price-suffix\">incl. BTW<\/small><\/div>\n\t\t\t\t\n\t\t\t\t<div class=\"wp-block-button wc-block-grid__product-add-to-cart\"><a href=\"\/da\/wp-json\/wp\/v2\/pages\/545?add-to-cart=1691\" aria-label=\"L\u00e6g i kurv: &ldquo;H\u00e5ndboldk\u00f8restolshjul 26&quot;&rdquo;\" data-quantity=\"1\" data-product_id=\"1691\" data-product_sku=\"\" data-price=\"130\" rel=\"nofollow\" class=\"wp-block-button__link  add_to_cart_button ajax_add_to_cart\">Tilf\u00f8j til kurv<\/a><\/div>\n\t\t\t<\/li><li class=\"wc-block-grid__product\">\n\t\t\t\t<a href=\"https:\/\/featwheelchairs.com\/da\/vare\/feat-hb-46-haandboldkoerestol-3\/\" class=\"wc-block-grid__product-link\">\n\t\t\t\t\t\n\t\t\t\t\t<div class=\"wc-block-grid__product-image\"><img loading=\"lazy\" decoding=\"async\" width=\"300\" height=\"300\" src=\"https:\/\/featwheelchairs.com\/wp-content\/uploads\/2024\/01\/Wheelchair-front-46-2-300x300.jpg\" class=\"attachment-woocommerce_thumbnail size-woocommerce_thumbnail\" alt=\"FEAT-HB-46 h\u00e5ndboldk\u00f8restol\" srcset=\"https:\/\/featwheelchairs.com\/wp-content\/uploads\/2024\/01\/Wheelchair-front-46-2-300x300.jpg 300w, https:\/\/featwheelchairs.com\/wp-content\/uploads\/2024\/01\/Wheelchair-front-46-2-150x150.jpg 150w, https:\/\/featwheelchairs.com\/wp-content\/uploads\/2024\/01\/Wheelchair-front-46-2-100x100.jpg 100w\" sizes=\"auto, (max-width: 300px) 100vw, 300px\" \/><\/div>\n\t\t\t\t\t<div class=\"wc-block-grid__product-title\">FEAT-HB-46 h\u00e5ndboldk\u00f8restol<\/div>\n\t\t\t\t<\/a>\n\t\t\t\t<div class=\"wc-block-grid__product-price price\"><span class=\"woocommerce-Price-amount amount\"><span class=\"woocommerce-Price-currencySymbol\">&euro;<\/span>&nbsp;680,00<\/span> <small class=\"woocommerce-price-suffix\">incl. BTW<\/small><\/div>\n\t\t\t\t\n\t\t\t\t<div class=\"wp-block-button wc-block-grid__product-add-to-cart\"><a href=\"\/da\/wp-json\/wp\/v2\/pages\/545?add-to-cart=1643\" aria-label=\"L\u00e6g i kurv: &ldquo;FEAT-HB-46 h\u00e5ndboldk\u00f8restol&rdquo;\" data-quantity=\"1\" data-product_id=\"1643\" data-product_sku=\"2\" data-price=\"680\" rel=\"nofollow\" class=\"wp-block-button__link  add_to_cart_button ajax_add_to_cart\">Tilf\u00f8j til kurv<\/a><\/div>\n\t\t\t<\/li><li class=\"wc-block-grid__product\">\n\t\t\t\t<a href=\"https:\/\/featwheelchairs.com\/da\/vare\/opbevaringstaske-til-koerestolshjul-2\/\" class=\"wc-block-grid__product-link\">\n\t\t\t\t\t\n\t\t\t\t\t<div class=\"wc-block-grid__product-image\"><img loading=\"lazy\" decoding=\"async\" width=\"286\" height=\"288\" src=\"https:\/\/featwheelchairs.com\/wp-content\/uploads\/2024\/01\/wheelbag-1-1.png\" class=\"attachment-woocommerce_thumbnail size-woocommerce_thumbnail\" alt=\"Opbevaringstaske til k\u00f8restolshjul\" srcset=\"https:\/\/featwheelchairs.com\/wp-content\/uploads\/2024\/01\/wheelbag-1-1.png 286w, https:\/\/featwheelchairs.com\/wp-content\/uploads\/2024\/01\/wheelbag-1-1-150x150.png 150w, https:\/\/featwheelchairs.com\/wp-content\/uploads\/2024\/01\/wheelbag-1-1-100x100.png 100w\" sizes=\"auto, (max-width: 286px) 100vw, 286px\" \/><\/div>\n\t\t\t\t\t<div class=\"wc-block-grid__product-title\">Opbevaringstaske til k\u00f8restolshjul<\/div>\n\t\t\t\t<\/a>\n\t\t\t\t<div class=\"wc-block-grid__product-price price\"><span class=\"woocommerce-Price-amount amount\"><span class=\"woocommerce-Price-currencySymbol\">&euro;<\/span>&nbsp;29,50<\/span> <small class=\"woocommerce-price-suffix\">incl. BTW<\/small><\/div>\n\t\t\t\t\n\t\t\t\t<div class=\"wp-block-button wc-block-grid__product-add-to-cart\"><a href=\"\/da\/wp-json\/wp\/v2\/pages\/545?add-to-cart=1613\" aria-label=\"L\u00e6g i kurv: &ldquo;Opbevaringstaske til k\u00f8restolshjul&rdquo;\" data-quantity=\"1\" data-product_id=\"1613\" data-product_sku=\"8\" data-price=\"29.5\" rel=\"nofollow\" class=\"wp-block-button__link  add_to_cart_button ajax_add_to_cart\">Tilf\u00f8j til kurv<\/a><\/div>\n\t\t\t<\/li><li class=\"wc-block-grid__product\">\n\t\t\t\t<a href=\"https:\/\/featwheelchairs.com\/da\/vare\/justerbar-fodstoetteklemme-3\/\" class=\"wc-block-grid__product-link\">\n\t\t\t\t\t\n\t\t\t\t\t<div class=\"wc-block-grid__product-image\"><img loading=\"lazy\" decoding=\"async\" width=\"300\" height=\"300\" src=\"https:\/\/featwheelchairs.com\/wp-content\/uploads\/2024\/01\/klem-300x300.jpg\" class=\"attachment-woocommerce_thumbnail size-woocommerce_thumbnail\" alt=\"Klemme\" srcset=\"https:\/\/featwheelchairs.com\/wp-content\/uploads\/2024\/01\/klem-300x300.jpg 300w, https:\/\/featwheelchairs.com\/wp-content\/uploads\/2024\/01\/klem-150x150.jpg 150w, https:\/\/featwheelchairs.com\/wp-content\/uploads\/2024\/01\/klem-100x100.jpg 100w\" sizes=\"auto, (max-width: 300px) 100vw, 300px\" \/><\/div>\n\t\t\t\t\t<div class=\"wc-block-grid__product-title\">Justerbar fodst\u00f8tteklemme<\/div>\n\t\t\t\t<\/a>\n\t\t\t\t<div class=\"wc-block-grid__product-price price\"><span class=\"woocommerce-Price-amount amount\"><span class=\"woocommerce-Price-currencySymbol\">&euro;<\/span>&nbsp;15,50<\/span> <small class=\"woocommerce-price-suffix\">incl. BTW<\/small><\/div>\n\t\t\t\t\n\t\t\t\t<div class=\"wp-block-button wc-block-grid__product-add-to-cart\"><a href=\"\/da\/wp-json\/wp\/v2\/pages\/545?add-to-cart=1669\" aria-label=\"L\u00e6g i kurv: &ldquo;Justerbar fodst\u00f8tteklemme&rdquo;\" data-quantity=\"1\" data-product_id=\"1669\" data-product_sku=\"7\" data-price=\"15.5\" rel=\"nofollow\" class=\"wp-block-button__link  add_to_cart_button ajax_add_to_cart\">Tilf\u00f8j til kurv<\/a><\/div>\n\t\t\t<\/li><\/ul><\/div><\/div>\n<\/div>\n","protected":false},"excerpt":{"rendered":"","protected":false},"author":1,"featured_media":0,"parent":0,"menu_order":0,"comment_status":"closed","ping_status":"closed","template":"","meta":{"footnotes":""},"class_list":["post-545","page","type-page","status-publish","hentry"],"jetpack_sharing_enabled":true,"_links":{"self":[{"href":"https:\/\/featwheelchairs.com\/da\/wp-json\/wp\/v2\/pages\/545","targetHints":{"allow":["GET"]}}],"collection":[{"href":"https:\/\/featwheelchairs.com\/da\/wp-json\/wp\/v2\/pages"}],"about":[{"href":"https:\/\/featwheelchairs.com\/da\/wp-json\/wp\/v2\/types\/page"}],"author":[{"embeddable":true,"href":"https:\/\/featwheelchairs.com\/da\/wp-json\/wp\/v2\/users\/1"}],"replies":[{"embeddable":true,"href":"https:\/\/featwheelchairs.com\/da\/wp-json\/wp\/v2\/comments?post=545"}],"version-history":[{"count":2,"href":"https:\/\/featwheelchairs.com\/da\/wp-json\/wp\/v2\/pages\/545\/revisions"}],"predecessor-version":[{"id":1718,"href":"https:\/\/featwheelchairs.com\/da\/wp-json\/wp\/v2\/pages\/545\/revisions\/1718"}],"wp:attachment":[{"href":"https:\/\/featwheelchairs.com\/da\/wp-json\/wp\/v2\/media?parent=545"}],"curies":[{"name":"wp","href":"https:\/\/api.w.org\/{rel}","templated":true}]}}